{"id":107,"date":"2023-04-20T11:50:43","date_gmt":"2023-04-20T11:50:43","guid":{"rendered":"https:\/\/1800webuycars.com\/?page_id=107"},"modified":"2024-10-21T13:04:51","modified_gmt":"2024-10-21T13:04:51","slug":"terms-condition","status":"publish","type":"page","link":"https:\/\/1800webuycars.com\/es\/terms-condition\/","title":{"rendered":"T\u00e9rminos y Condiciones"},"content":{"rendered":"<div data-elementor-type=\"wp-page\" data-elementor-id=\"107\" class=\"elementor elementor-107\" data-elementor-settings=\"{&quot;ha_cmc_init_switcher&quot;:&quot;no&quot;}\" data-elementor-post-type=\"page\">\n\t\t\t\t\t\t<section class=\"elementor-section elementor-top-section elementor-element elementor-element-718ea41 elementor-section-boxed elementor-section-height-default elementor-section-height-default\" data-id=\"718ea41\" data-element_type=\"section\" data-e-type=\"section\" data-settings=\"{&quot;background_background&quot;:&quot;classic&quot;,&quot;_ha_eqh_enable&quot;:false}\">\n\t\t\t\t\t\t<div class=\"elementor-container elementor-column-gap-default\">\n\t\t\t\t\t<div class=\"elementor-column elementor-col-100 elementor-top-column elementor-element elementor-element-7b1e319\" data-id=\"7b1e319\" data-element_type=\"column\" data-e-type=\"column\">\n\t\t\t<div class=\"elementor-widget-wrap elementor-element-populated\">\n\t\t\t\t\t\t<div class=\"elementor-element elementor-element-1391a08 elementor-widget elementor-widget-heading\" data-id=\"1391a08\" data-element_type=\"widget\" data-e-type=\"widget\" data-widget_type=\"heading.default\">\n\t\t\t\t<div class=\"elementor-widget-container\">\n\t\t\t\t\t<h2 class=\"elementor-heading-title elementor-size-default\">ACUERDO DE T\u00c9RMINOS DE SERVICIO<\/h2>\t\t\t\t<\/div>\n\t\t\t\t<\/div>\n\t\t\t\t\t<\/div>\n\t\t<\/div>\n\t\t\t\t\t<\/div>\n\t\t<\/section>\n\t\t\t\t<section class=\"elementor-section elementor-top-section elementor-element elementor-element-b94b76f elementor-section-boxed elementor-section-height-default elementor-section-height-default\" data-id=\"b94b76f\" data-element_type=\"section\" data-e-type=\"section\" data-settings=\"{&quot;_ha_eqh_enable&quot;:false}\">\n\t\t\t\t\t\t<div class=\"elementor-container elementor-column-gap-default\">\n\t\t\t\t\t<div class=\"elementor-column elementor-col-100 elementor-top-column elementor-element elementor-element-c2ee225\" data-id=\"c2ee225\" data-element_type=\"column\" data-e-type=\"column\">\n\t\t\t<div class=\"elementor-widget-wrap elementor-element-populated\">\n\t\t\t\t\t\t<div class=\"elementor-element elementor-element-8a2a4cd elementor-widget-mobile__width-initial elementor-widget elementor-widget-text-editor\" data-id=\"8a2a4cd\" data-element_type=\"widget\" data-e-type=\"widget\" data-widget_type=\"text-editor.default\">\n\t\t\t\t<div class=\"elementor-widget-container\">\n\t\t\t\t\t\t\t\t\t<p>800 COMPRAMOS AUTOS INC<\/p><p>\u00a1Reciba ofertas instant\u00e1neas en efectivo para vender su autom\u00f3vil al p\u00fablico! Reciba mensajes con cotizaciones r\u00e1pidas y detalles sobre c\u00f3mo vender su autom\u00f3vil por dinero en efectivo.<\/p><p>Puede cancelar el servicio de SMS en cualquier momento. Simplemente env\u00ede un mensaje de texto con la palabra \u201cOUT\u201d al c\u00f3digo corto. Al enviar \u201cOUT\u201d, confirmaremos su estado de cancelaci\u00f3n de suscripci\u00f3n por SMS. Despu\u00e9s de esta confirmaci\u00f3n, ya no recibir\u00e1 mensajes SMS de nuestra parte. Para volver a unirse, reg\u00edstrese como lo hizo inicialmente y reanudaremos el env\u00edo de mensajes SMS.<\/p><p>Si tiene problemas con el programa de mensajer\u00eda, responda con la palabra clave AYUDA para obtener m\u00e1s ayuda o comun\u00edquese directamente con <a href=\"mailto:support@800WeBuyCars.com\">support@800WeBuyCars.com<\/a> o llamar <a href=\"tel:1-800-692-4274\">1-800-692-4274<\/a>Los transportistas no son responsables de los mensajes retrasados o no entregados.<\/p><p>Como siempre, pueden aplicarse tarifas de mensajes y datos a los mensajes que le enviemos y a los que usted nos env\u00ede. Recibir\u00e1 mensajes con ofertas en efectivo con la frecuencia que elija. Si tiene preguntas sobre su plan de mensajes de texto o de datos, comun\u00edquese con su proveedor de servicios inal\u00e1mbricos.<\/p><p>Para consultas relacionadas con la privacidad, consulte nuestra pol\u00edtica de privacidad: <a href=\"https:\/\/1800webuycars.com\/es\/\">1-800WeBuyCars.com<\/a>.<\/p>\t\t\t\t\t\t\t\t<\/div>\n\t\t\t\t<\/div>\n\t\t\t\t\t<\/div>\n\t\t<\/div>\n\t\t\t\t\t<\/div>\n\t\t<\/section>\n\t\t\t\t<\/div>","protected":false},"excerpt":{"rendered":"<p>TERMS OF SERVICE AGREEMENT 800 WE BUY CARS INC Get instant cash offers to sell your car to the public! Receive messages with quick quotes and details about selling your car for cash. You can cancel the SMS service at any time. Simply text &#8220;OUT&#8221; to the shortcode. Upon sending &#8220;OUT&#8221;, we will confirm your [&hellip;]<\/p>\n","protected":false},"author":4,"featured_media":0,"parent":0,"menu_order":0,"comment_status":"closed","ping_status":"closed","template":"elementor_header_footer","meta":{"footnotes":""},"class_list":["post-107","page","type-page","status-publish","hentry"],"yoast_head":"<!-- This site is optimized with the Yoast SEO plugin v27.3 - https:\/\/yoast.com\/product\/yoast-seo-wordpress\/ -->\n<title>Terms &amp; Condition - We Buy Cars<\/title>\n<meta name=\"robots\" content=\"index, follow, max-snippet:-1, max-image-preview:large, max-video-preview:-1\" \/>\n<link rel=\"canonical\" href=\"https:\/\/1800webuycars.com\/es\/terms-condition\/\" \/>\n<meta property=\"og:locale\" content=\"es_ES\" \/>\n<meta property=\"og:type\" content=\"article\" \/>\n<meta property=\"og:title\" content=\"Terms &amp; Condition - We Buy Cars\" \/>\n<meta property=\"og:description\" content=\"TERMS OF SERVICE AGREEMENT 800 WE BUY CARS INC Get instant cash offers to sell your car to the public! Receive messages with quick quotes and details about selling your car for cash. You can cancel the SMS service at any time. Simply text &#8220;OUT&#8221; to the shortcode. Upon sending &#8220;OUT&#8221;, we will confirm your [&hellip;]\" \/>\n<meta property=\"og:url\" content=\"https:\/\/1800webuycars.com\/es\/terms-condition\/\" \/>\n<meta property=\"og:site_name\" content=\"We Buy Cars\" \/>\n<meta property=\"article:modified_time\" content=\"2024-10-21T13:04:51+00:00\" \/>\n<meta name=\"twitter:card\" content=\"summary_large_image\" \/>\n<meta name=\"twitter:label1\" content=\"Tiempo de lectura\" \/>\n\t<meta name=\"twitter:data1\" content=\"1 minuto\" \/>\n<script type=\"application\/ld+json\" class=\"yoast-schema-graph\">{\"@context\":\"https:\\\/\\\/schema.org\",\"@graph\":[{\"@type\":\"WebPage\",\"@id\":\"https:\\\/\\\/1800webuycars.com\\\/terms-condition\\\/\",\"url\":\"https:\\\/\\\/1800webuycars.com\\\/terms-condition\\\/\",\"name\":\"Terms & Condition - We Buy Cars\",\"isPartOf\":{\"@id\":\"\\\/#website\"},\"datePublished\":\"2023-04-20T11:50:43+00:00\",\"dateModified\":\"2024-10-21T13:04:51+00:00\",\"breadcrumb\":{\"@id\":\"https:\\\/\\\/1800webuycars.com\\\/terms-condition\\\/#breadcrumb\"},\"inLanguage\":\"es\",\"potentialAction\":[{\"@type\":\"ReadAction\",\"target\":[\"https:\\\/\\\/1800webuycars.com\\\/terms-condition\\\/\"]}]},{\"@type\":\"BreadcrumbList\",\"@id\":\"https:\\\/\\\/1800webuycars.com\\\/terms-condition\\\/#breadcrumb\",\"itemListElement\":[{\"@type\":\"ListItem\",\"position\":1,\"name\":\"Home\",\"item\":\"https:\\\/\\\/1800webuycars.com\\\/\"},{\"@type\":\"ListItem\",\"position\":2,\"name\":\"Terms &#038; Condition\"}]},{\"@type\":\"WebSite\",\"@id\":\"\\\/#website\",\"url\":\"\\\/\",\"name\":\"We Buy Cars\",\"description\":\"We Buy Any Car, Or Vehicle, Any Condition\",\"potentialAction\":[{\"@type\":\"SearchAction\",\"target\":{\"@type\":\"EntryPoint\",\"urlTemplate\":\"\\\/?s={search_term_string}\"},\"query-input\":{\"@type\":\"PropertyValueSpecification\",\"valueRequired\":true,\"valueName\":\"search_term_string\"}}],\"inLanguage\":\"es\"}]}<\/script>\n<!-- \/ Yoast SEO plugin. -->","yoast_head_json":{"title":"Terms & Condition - We Buy Cars","robots":{"index":"index","follow":"follow","max-snippet":"max-snippet:-1","max-image-preview":"max-image-preview:large","max-video-preview":"max-video-preview:-1"},"canonical":"https:\/\/1800webuycars.com\/es\/terms-condition\/","og_locale":"es_ES","og_type":"article","og_title":"Terms & Condition - We Buy Cars","og_description":"TERMS OF SERVICE AGREEMENT 800 WE BUY CARS INC Get instant cash offers to sell your car to the public! Receive messages with quick quotes and details about selling your car for cash. You can cancel the SMS service at any time. Simply text &#8220;OUT&#8221; to the shortcode. Upon sending &#8220;OUT&#8221;, we will confirm your [&hellip;]","og_url":"https:\/\/1800webuycars.com\/es\/terms-condition\/","og_site_name":"We Buy Cars","article_modified_time":"2024-10-21T13:04:51+00:00","twitter_card":"summary_large_image","twitter_misc":{"Tiempo de lectura":"1 minuto"},"schema":{"@context":"https:\/\/schema.org","@graph":[{"@type":"WebPage","@id":"https:\/\/1800webuycars.com\/terms-condition\/","url":"https:\/\/1800webuycars.com\/terms-condition\/","name":"Terms & Condition - We Buy Cars","isPartOf":{"@id":"\/#website"},"datePublished":"2023-04-20T11:50:43+00:00","dateModified":"2024-10-21T13:04:51+00:00","breadcrumb":{"@id":"https:\/\/1800webuycars.com\/terms-condition\/#breadcrumb"},"inLanguage":"es","potentialAction":[{"@type":"ReadAction","target":["https:\/\/1800webuycars.com\/terms-condition\/"]}]},{"@type":"BreadcrumbList","@id":"https:\/\/1800webuycars.com\/terms-condition\/#breadcrumb","itemListElement":[{"@type":"ListItem","position":1,"name":"Home","item":"https:\/\/1800webuycars.com\/"},{"@type":"ListItem","position":2,"name":"Terms &#038; Condition"}]},{"@type":"WebSite","@id":"\/#website","url":"\/","name":"Compramos Autos","description":"Compramos Cualquier Auto, O Veh\u00edculo, Cualquier Condici\u00f3n","potentialAction":[{"@type":"SearchAction","target":{"@type":"EntryPoint","urlTemplate":"\/?s={search_term_string}"},"query-input":{"@type":"PropertyValueSpecification","valueRequired":true,"valueName":"search_term_string"}}],"inLanguage":"es"}]}},"_links":{"self":[{"href":"https:\/\/1800webuycars.com\/es\/wp-json\/wp\/v2\/pages\/107","targetHints":{"allow":["GET"]}}],"collection":[{"href":"https:\/\/1800webuycars.com\/es\/wp-json\/wp\/v2\/pages"}],"about":[{"href":"https:\/\/1800webuycars.com\/es\/wp-json\/wp\/v2\/types\/page"}],"author":[{"embeddable":true,"href":"https:\/\/1800webuycars.com\/es\/wp-json\/wp\/v2\/users\/4"}],"replies":[{"embeddable":true,"href":"https:\/\/1800webuycars.com\/es\/wp-json\/wp\/v2\/comments?post=107"}],"version-history":[{"count":39,"href":"https:\/\/1800webuycars.com\/es\/wp-json\/wp\/v2\/pages\/107\/revisions"}],"predecessor-version":[{"id":8431,"href":"https:\/\/1800webuycars.com\/es\/wp-json\/wp\/v2\/pages\/107\/revisions\/8431"}],"wp:attachment":[{"href":"https:\/\/1800webuycars.com\/es\/wp-json\/wp\/v2\/media?parent=107"}],"curies":[{"name":"wp","href":"https:\/\/api.w.org\/{rel}","templated":true}]}}