{"id":103,"date":"2023-04-20T11:49:15","date_gmt":"2023-04-20T11:49:15","guid":{"rendered":"https:\/\/1800webuycars.com\/?page_id=103"},"modified":"2023-05-15T19:21:26","modified_gmt":"2023-05-15T19:21:26","slug":"contact-us","status":"publish","type":"page","link":"https:\/\/1800webuycars.com\/es\/contact-us\/","title":{"rendered":"Cont\u00e1ctenos"},"content":{"rendered":"\t\t<div data-elementor-type=\"wp-page\" data-elementor-id=\"103\" class=\"elementor elementor-103\" data-elementor-settings=\"{&quot;ha_cmc_init_switcher&quot;:&quot;no&quot;}\" data-elementor-post-type=\"page\">\n\t\t\t\t\t\t<section class=\"elementor-section elementor-top-section elementor-element elementor-element-328595a elementor-section-boxed elementor-section-height-default elementor-section-height-default\" data-id=\"328595a\" data-element_type=\"section\" data-e-type=\"section\" data-settings=\"{&quot;background_background&quot;:&quot;classic&quot;,&quot;_ha_eqh_enable&quot;:false}\">\n\t\t\t\t\t\t<div class=\"elementor-container elementor-column-gap-default\">\n\t\t\t\t\t<div class=\"elementor-column elementor-col-100 elementor-top-column elementor-element elementor-element-0bc3c99\" data-id=\"0bc3c99\" data-element_type=\"column\" data-e-type=\"column\">\n\t\t\t<div class=\"elementor-widget-wrap elementor-element-populated\">\n\t\t\t\t\t\t<div class=\"elementor-element elementor-element-ab754a3 elementor-widget elementor-widget-heading\" data-id=\"ab754a3\" data-element_type=\"widget\" data-e-type=\"widget\" data-widget_type=\"heading.default\">\n\t\t\t\t<div class=\"elementor-widget-container\">\n\t\t\t\t\t<h2 class=\"elementor-heading-title elementor-size-default\">Contact Us<\/h2>\t\t\t\t<\/div>\n\t\t\t\t<\/div>\n\t\t\t\t\t<\/div>\n\t\t<\/div>\n\t\t\t\t\t<\/div>\n\t\t<\/section>\n\t\t\t\t<section class=\"elementor-section elementor-top-section elementor-element elementor-element-1011d52 quote-form elementor-section-boxed elementor-section-height-default elementor-section-height-default\" data-id=\"1011d52\" data-element_type=\"section\" data-e-type=\"section\" data-settings=\"{&quot;_ha_eqh_enable&quot;:false}\">\n\t\t\t\t\t\t<div class=\"elementor-container elementor-column-gap-default\">\n\t\t\t\t\t<div class=\"elementor-column elementor-col-100 elementor-top-column elementor-element elementor-element-95cf95e form-col\" data-id=\"95cf95e\" data-element_type=\"column\" data-e-type=\"column\">\n\t\t\t<div class=\"elementor-widget-wrap elementor-element-populated\">\n\t\t\t\t\t\t<div class=\"elementor-element elementor-element-2ba78f8 form-green elementor-widget elementor-widget-heading\" data-id=\"2ba78f8\" data-element_type=\"widget\" data-e-type=\"widget\" data-widget_type=\"heading.default\">\n\t\t\t\t<div class=\"elementor-widget-container\">\n\t\t\t\t\t<h2 class=\"elementor-heading-title elementor-size-default\">Contact Us TODAY!<\/h2>\t\t\t\t<\/div>\n\t\t\t\t<\/div>\n\t\t\t\t<div class=\"elementor-element elementor-element-07b385d orange elementor-widget elementor-widget-text-editor\" data-id=\"07b385d\" data-element_type=\"widget\" data-e-type=\"widget\" data-widget_type=\"text-editor.default\">\n\t\t\t\t<div class=\"elementor-widget-container\">\n\t\t\t\t\t\t\t\t\t<p><strong>Note: This is not our quote form. <\/strong><strong>If you are looking for a quote for your vehicle please <a href=\"https:\/\/1800webuycars.com\/request-a-quote\/\">Click Here<\/a><\/strong><\/p>\t\t\t\t\t\t\t\t<\/div>\n\t\t\t\t<\/div>\n\t\t\t\t<div class=\"elementor-element elementor-element-91ec1db elementor-widget elementor-widget-ha-wpform happy-addon ha-wpform\" data-id=\"91ec1db\" data-element_type=\"widget\" data-e-type=\"widget\" data-widget_type=\"ha-wpform.default\">\n\t\t\t\t<div class=\"elementor-widget-container\">\n\t\t\t\t\t<div class=\"wpforms-container wpforms-container-full\" id=\"wpforms-689\"><form id=\"wpforms-form-689\" class=\"wpforms-validate wpforms-form wpforms-ajax-form\" data-formid=\"689\" method=\"post\" enctype=\"multipart\/form-data\" action=\"\/es\/wp-json\/wp\/v2\/pages\/103\" data-token=\"b4ee662f7765d2c2b10e67fd1616dcf9\" data-token-time=\"1775599947\"><noscript class=\"wpforms-error-noscript\">Por favor, activa JavaScript en tu navegador para completar este formulario.<\/noscript><div class=\"wpforms-field-container\"><div id=\"wpforms-689-field_0-container\" class=\"wpforms-field wpforms-field-name\" data-field-id=\"0\"><label class=\"wpforms-field-label\">Name <span class=\"wpforms-required-label\">*<\/span><\/label><div class=\"wpforms-field-row wpforms-field-large\"><div class=\"wpforms-field-row-block wpforms-first wpforms-one-half\"><input type=\"text\" id=\"wpforms-689-field_0\" class=\"wpforms-field-name-first wpforms-field-required\" name=\"wpforms[fields][0][first]\" required><label for=\"wpforms-689-field_0\" class=\"wpforms-field-sublabel after\">Nombre<\/label><\/div><div class=\"wpforms-field-row-block wpforms-one-half\"><input type=\"text\" id=\"wpforms-689-field_0-last\" class=\"wpforms-field-name-last wpforms-field-required\" name=\"wpforms[fields][0][last]\" required><label for=\"wpforms-689-field_0-last\" class=\"wpforms-field-sublabel after\">Apellidos<\/label><\/div><\/div><\/div><div id=\"wpforms-689-field_3-container\" class=\"wpforms-field wpforms-field-layout\" data-field-id=\"3\"><div class=\"wpforms-field-layout-columns wpforms-field-layout-preset-50-50\"><div class=\"wpforms-layout-column wpforms-layout-column-50\" ><div id=\"wpforms-689-field_1-container\" class=\"wpforms-field wpforms-field-email\" data-field-id=\"1\"><label class=\"wpforms-field-label\" for=\"wpforms-689-field_1\">Email <span class=\"wpforms-required-label\">*<\/span><\/label><input type=\"email\" id=\"wpforms-689-field_1\" class=\"wpforms-field-medium wpforms-field-required\" name=\"wpforms[fields][1]\" spellcheck=\"false\" required><\/div><\/div><div class=\"wpforms-layout-column wpforms-layout-column-50\" ><div id=\"wpforms-689-field_4-container\" class=\"wpforms-field wpforms-field-phone\" data-field-id=\"4\"><label class=\"wpforms-field-label\" for=\"wpforms-689-field_4\">Phone<\/label><input type=\"tel\" id=\"wpforms-689-field_4\" class=\"wpforms-field-medium wpforms-smart-phone-field\" data-rule-smart-phone-field=\"true\" name=\"wpforms[fields][4]\" aria-label=\"Phone\" ><\/div><\/div><\/div><\/div><div id=\"wpforms-689-field_2-container\" class=\"wpforms-field wpforms-field-textarea\" data-field-id=\"2\"><label class=\"wpforms-field-label\" for=\"wpforms-689-field_2\">Message<\/label><textarea id=\"wpforms-689-field_2\" class=\"wpforms-field-medium\" name=\"wpforms[fields][2]\" ><\/textarea><\/div><div id=\"wpforms-689-field_6-container\" class=\"wpforms-field wpforms-field-checkbox terms-condition-fields\" data-field-id=\"6\"><label class=\"wpforms-field-label wpforms-label-hide\">Checkboxes<\/label><ul id=\"wpforms-689-field_6\"><li class=\"choice-1 depth-1\"><input type=\"checkbox\" id=\"wpforms-689-field_6_1\" name=\"wpforms[fields][6][]\" value=\"I agree to &lt;a href=&quot;https:\/\/1800webuycars.com\/terms-condition\/&quot; target=&quot;_blank&quot;&gt;Terms &amp; Conditions&lt;\/a&gt; and &lt;a href=&quot;https:\/\/1800webuycars.com\/privacy-policy\/&quot; target=&quot;_blank&quot;&gt;Privacy Policy&lt;\/a&gt; provided by the company. By providing my phone number, I agree to receive text messages from the company.\"  ><label class=\"wpforms-field-label-inline\" for=\"wpforms-689-field_6_1\">I agree to <a href=\"https:\/\/1800webuycars.com\/terms-condition\/\" target=\"_blank\">Terms &amp; Conditions<\/a> and <a href=\"https:\/\/1800webuycars.com\/privacy-policy\/\" target=\"_blank\">Privacy Policy<\/a> provided by the company. By providing my phone number, I agree to receive text messages from the company.<\/label><\/li><\/ul><\/div><\/div><!-- .wpforms-field-container --><div class=\"wpforms-recaptcha-container wpforms-is-recaptcha wpforms-is-recaptcha-type-v3\" ><input type=\"hidden\" name=\"wpforms[recaptcha]\" value=\"\"><\/div><div class=\"wpforms-submit-container\" ><input type=\"hidden\" name=\"wpforms[id]\" value=\"689\"><input type=\"hidden\" name=\"page_title\" value=\"\"><input type=\"hidden\" name=\"page_url\" value=\"https:\/\/1800webuycars.com\/es\/wp-json\/wp\/v2\/pages\/103\"><input type=\"hidden\" name=\"url_referer\" value=\"\"><button type=\"submit\" name=\"wpforms[submit]\" id=\"wpforms-submit-689\" class=\"wpforms-submit\" data-alt-text=\"Sending...\" data-submit-text=\"Submit\" aria-live=\"assertive\" value=\"wpforms-submit\">Submit<\/button><img decoding=\"async\" src=\"https:\/\/1800webuycars.com\/wp-content\/plugins\/wpforms\/assets\/images\/submit-spin.svg\" class=\"wpforms-submit-spinner\" style=\"display: none;\" width=\"26\" height=\"26\" alt=\"Cargando\"><\/div><\/form><\/div>  <!-- .wpforms-container -->\t\t\t\t<\/div>\n\t\t\t\t<\/div>\n\t\t\t\t\t<\/div>\n\t\t<\/div>\n\t\t\t\t\t<\/div>\n\t\t<\/section>\n\t\t\t\t<\/div>\n\t\t","protected":false},"excerpt":{"rendered":"<p>Cont\u00e1ctenos \u00a1Cont\u00e1ctenos HOY! Nota: Este no es nuestro formulario de cotizaci\u00f3n. Si est\u00e1 buscando una cotizaci\u00f3n para su veh\u00edculo, haga clic aqu\u00ed Habilite JavaScript en su navegador para completar este formulario. Nombre *NombreApellidoDise\u00f1oEmail *Tel\u00e9fonoMensaje Enviar<\/p>","protected":false},"author":4,"featured_media":0,"parent":0,"menu_order":0,"comment_status":"closed","ping_status":"closed","template":"elementor_header_footer","meta":{"footnotes":""},"class_list":["post-103","page","type-page","status-publish","hentry"],"yoast_head":"<!-- This site is optimized with the Yoast SEO plugin v27.3 - https:\/\/yoast.com\/product\/yoast-seo-wordpress\/ -->\n<title>Contact Us - We Buy Cars<\/title>\n<meta name=\"robots\" content=\"index, follow, max-snippet:-1, max-image-preview:large, max-video-preview:-1\" \/>\n<link rel=\"canonical\" href=\"https:\/\/1800webuycars.com\/es\/contact-us\/\" \/>\n<meta property=\"og:locale\" content=\"es_ES\" \/>\n<meta property=\"og:type\" content=\"article\" \/>\n<meta property=\"og:title\" content=\"Contact Us - We Buy Cars\" \/>\n<meta property=\"og:description\" content=\"Contact Us Contact Us TODAY! Note: This is not our quote form. If you are looking for a quote for your vehicle please Click Here Please enable JavaScript in your browser to complete this form.Name *FirstLastLayoutEmail *PhoneMessage Submit\" \/>\n<meta property=\"og:url\" content=\"https:\/\/1800webuycars.com\/es\/contact-us\/\" \/>\n<meta property=\"og:site_name\" content=\"We Buy Cars\" \/>\n<meta property=\"article:modified_time\" content=\"2023-05-15T19:21:26+00:00\" \/>\n<meta property=\"og:image\" content=\"https:\/\/1800webuycars.com\/wp-content\/plugins\/wpforms\/assets\/images\/submit-spin.svg\" \/>\n<meta name=\"twitter:card\" content=\"summary_large_image\" \/>\n<meta name=\"twitter:label1\" content=\"Tiempo de lectura\" \/>\n\t<meta name=\"twitter:data1\" content=\"1 minuto\" \/>\n<script type=\"application\/ld+json\" class=\"yoast-schema-graph\">{\"@context\":\"https:\\\/\\\/schema.org\",\"@graph\":[{\"@type\":\"WebPage\",\"@id\":\"https:\\\/\\\/1800webuycars.com\\\/contact-us\\\/\",\"url\":\"https:\\\/\\\/1800webuycars.com\\\/contact-us\\\/\",\"name\":\"Contact Us - We Buy Cars\",\"isPartOf\":{\"@id\":\"\\\/#website\"},\"primaryImageOfPage\":{\"@id\":\"https:\\\/\\\/1800webuycars.com\\\/contact-us\\\/#primaryimage\"},\"image\":{\"@id\":\"https:\\\/\\\/1800webuycars.com\\\/contact-us\\\/#primaryimage\"},\"thumbnailUrl\":\"https:\\\/\\\/1800webuycars.com\\\/wp-content\\\/plugins\\\/wpforms\\\/assets\\\/images\\\/submit-spin.svg\",\"datePublished\":\"2023-04-20T11:49:15+00:00\",\"dateModified\":\"2023-05-15T19:21:26+00:00\",\"breadcrumb\":{\"@id\":\"https:\\\/\\\/1800webuycars.com\\\/contact-us\\\/#breadcrumb\"},\"inLanguage\":\"es\",\"potentialAction\":[{\"@type\":\"ReadAction\",\"target\":[\"https:\\\/\\\/1800webuycars.com\\\/contact-us\\\/\"]}]},{\"@type\":\"ImageObject\",\"inLanguage\":\"es\",\"@id\":\"https:\\\/\\\/1800webuycars.com\\\/contact-us\\\/#primaryimage\",\"url\":\"https:\\\/\\\/1800webuycars.com\\\/wp-content\\\/plugins\\\/wpforms\\\/assets\\\/images\\\/submit-spin.svg\",\"contentUrl\":\"https:\\\/\\\/1800webuycars.com\\\/wp-content\\\/plugins\\\/wpforms\\\/assets\\\/images\\\/submit-spin.svg\"},{\"@type\":\"BreadcrumbList\",\"@id\":\"https:\\\/\\\/1800webuycars.com\\\/contact-us\\\/#breadcrumb\",\"itemListElement\":[{\"@type\":\"ListItem\",\"position\":1,\"name\":\"Home\",\"item\":\"https:\\\/\\\/1800webuycars.com\\\/\"},{\"@type\":\"ListItem\",\"position\":2,\"name\":\"Contact Us\"}]},{\"@type\":\"WebSite\",\"@id\":\"\\\/#website\",\"url\":\"\\\/\",\"name\":\"We Buy Cars\",\"description\":\"We Buy Any Car, Or Vehicle, Any Condition\",\"potentialAction\":[{\"@type\":\"SearchAction\",\"target\":{\"@type\":\"EntryPoint\",\"urlTemplate\":\"\\\/?s={search_term_string}\"},\"query-input\":{\"@type\":\"PropertyValueSpecification\",\"valueRequired\":true,\"valueName\":\"search_term_string\"}}],\"inLanguage\":\"es\"}]}<\/script>\n<!-- \/ Yoast SEO plugin. -->","yoast_head_json":{"title":"Contact Us - We Buy Cars","robots":{"index":"index","follow":"follow","max-snippet":"max-snippet:-1","max-image-preview":"max-image-preview:large","max-video-preview":"max-video-preview:-1"},"canonical":"https:\/\/1800webuycars.com\/es\/contact-us\/","og_locale":"es_ES","og_type":"article","og_title":"Contact Us - We Buy Cars","og_description":"Contact Us Contact Us TODAY! Note: This is not our quote form. If you are looking for a quote for your vehicle please Click Here Please enable JavaScript in your browser to complete this form.Name *FirstLastLayoutEmail *PhoneMessage Submit","og_url":"https:\/\/1800webuycars.com\/es\/contact-us\/","og_site_name":"We Buy Cars","article_modified_time":"2023-05-15T19:21:26+00:00","og_image":[{"url":"https:\/\/1800webuycars.com\/wp-content\/plugins\/wpforms\/assets\/images\/submit-spin.svg","type":"","width":"","height":""}],"twitter_card":"summary_large_image","twitter_misc":{"Tiempo de lectura":"1 minuto"},"schema":{"@context":"https:\/\/schema.org","@graph":[{"@type":"WebPage","@id":"https:\/\/1800webuycars.com\/contact-us\/","url":"https:\/\/1800webuycars.com\/contact-us\/","name":"Contact Us - We Buy Cars","isPartOf":{"@id":"\/#website"},"primaryImageOfPage":{"@id":"https:\/\/1800webuycars.com\/contact-us\/#primaryimage"},"image":{"@id":"https:\/\/1800webuycars.com\/contact-us\/#primaryimage"},"thumbnailUrl":"https:\/\/1800webuycars.com\/wp-content\/plugins\/wpforms\/assets\/images\/submit-spin.svg","datePublished":"2023-04-20T11:49:15+00:00","dateModified":"2023-05-15T19:21:26+00:00","breadcrumb":{"@id":"https:\/\/1800webuycars.com\/contact-us\/#breadcrumb"},"inLanguage":"es","potentialAction":[{"@type":"ReadAction","target":["https:\/\/1800webuycars.com\/contact-us\/"]}]},{"@type":"ImageObject","inLanguage":"es","@id":"https:\/\/1800webuycars.com\/contact-us\/#primaryimage","url":"https:\/\/1800webuycars.com\/wp-content\/plugins\/wpforms\/assets\/images\/submit-spin.svg","contentUrl":"https:\/\/1800webuycars.com\/wp-content\/plugins\/wpforms\/assets\/images\/submit-spin.svg"},{"@type":"BreadcrumbList","@id":"https:\/\/1800webuycars.com\/contact-us\/#breadcrumb","itemListElement":[{"@type":"ListItem","position":1,"name":"Home","item":"https:\/\/1800webuycars.com\/"},{"@type":"ListItem","position":2,"name":"Contact Us"}]},{"@type":"WebSite","@id":"\/#website","url":"\/","name":"Compramos Autos","description":"Compramos Cualquier Auto, O Veh\u00edculo, Cualquier Condici\u00f3n","potentialAction":[{"@type":"SearchAction","target":{"@type":"EntryPoint","urlTemplate":"\/?s={search_term_string}"},"query-input":{"@type":"PropertyValueSpecification","valueRequired":true,"valueName":"search_term_string"}}],"inLanguage":"es"}]}},"_links":{"self":[{"href":"https:\/\/1800webuycars.com\/es\/wp-json\/wp\/v2\/pages\/103","targetHints":{"allow":["GET"]}}],"collection":[{"href":"https:\/\/1800webuycars.com\/es\/wp-json\/wp\/v2\/pages"}],"about":[{"href":"https:\/\/1800webuycars.com\/es\/wp-json\/wp\/v2\/types\/page"}],"author":[{"embeddable":true,"href":"https:\/\/1800webuycars.com\/es\/wp-json\/wp\/v2\/users\/4"}],"replies":[{"embeddable":true,"href":"https:\/\/1800webuycars.com\/es\/wp-json\/wp\/v2\/comments?post=103"}],"version-history":[{"count":0,"href":"https:\/\/1800webuycars.com\/es\/wp-json\/wp\/v2\/pages\/103\/revisions"}],"wp:attachment":[{"href":"https:\/\/1800webuycars.com\/es\/wp-json\/wp\/v2\/media?parent=103"}],"curies":[{"name":"wp","href":"https:\/\/api.w.org\/{rel}","templated":true}]}}